{"id":12,"date":"2015-02-27T21:43:24","date_gmt":"2015-02-27T21:43:24","guid":{"rendered":"http:\/\/www2.jaxelius.se\/?page_id=12"},"modified":"2015-03-14T23:05:43","modified_gmt":"2015-03-14T22:05:43","slug":"om-karin","status":"publish","type":"page","link":"https:\/\/www.jaxelius.se\/?page_id=12","title":{"rendered":"Om Karin"},"content":{"rendered":"<p><img loading=\"lazy\" decoding=\"async\" class=\"round_img aligncenter wp-image-109 size-medium\" src=\"http:\/\/www.jaxelius.se\/wp-content\/uploads\/2015\/02\/byggprocess-250x226.jpg\" alt=\"byggprocess\" width=\"250\" height=\"226\" srcset=\"https:\/\/www.jaxelius.se\/wp-content\/uploads\/2015\/02\/byggprocess-250x226.jpg 250w, https:\/\/www.jaxelius.se\/wp-content\/uploads\/2015\/02\/byggprocess-120x108.jpg 120w, https:\/\/www.jaxelius.se\/wp-content\/uploads\/2015\/02\/byggprocess.jpg 664w\" sizes=\"(max-width: 250px) 100vw, 250px\" \/><\/p>\n<h2 class=\"centerUppercase\">Om Karin<\/h2>\n<p>Karin Jaxelius,\u00a0 f 1965.\u00a0\u00a0 Keramiker\/konstn\u00e4r ursprungligen fr\u00e5n Falun\/Leksand.\u00a0 Verksam med egen verkstad i Smedjebacken,Dalarna<\/p>\n<p>&nbsp;<\/p>\n<p>Jag har alltid dragits till det sk\u00f6ra, men \u00e4nd\u00e5 sj\u00e4lvklart starka som speglas \u00f6verallt i naturen. Det som l\u00e4tt kn\u00e4cks men b\u00e4rs upp av en inneboende kraft. Vad jag \u00e4n v\u00e4ljer, s\u00e5 finns det d\u00e4r, mots\u00e4ttningen styrka &#8211; sk\u00f6rhet i perfekt balans.<\/p>\n<p>&nbsp;<\/p>\n<p><img loading=\"lazy\" decoding=\"async\" class=\"aligncenter wp-image-95\" src=\"http:\/\/www.jaxelius.se\/wp-content\/uploads\/2015\/02\/kj_autograf-250x75.jpg\" alt=\"\" width=\"170\" height=\"51\" srcset=\"https:\/\/www.jaxelius.se\/wp-content\/uploads\/2015\/02\/kj_autograf-250x75.jpg 250w, https:\/\/www.jaxelius.se\/wp-content\/uploads\/2015\/02\/kj_autograf-700x210.jpg 700w, https:\/\/www.jaxelius.se\/wp-content\/uploads\/2015\/02\/kj_autograf-120x36.jpg 120w, https:\/\/www.jaxelius.se\/wp-content\/uploads\/2015\/02\/kj_autograf.jpg 1008w\" sizes=\"(max-width: 170px) 100vw, 170px\" \/><\/p>\n<p>&nbsp;<\/p>\n","protected":false},"excerpt":{"rendered":"Om Karin Karin Jaxelius,\u00a0 f 1965.\u00a0\u00a0 Keramiker\/konstn\u00e4r ursprungligen fr\u00e5n Falun\/Leksand.\u00a0 Verksam med egen verkstad i Smedjebacken,Dalarna &nbsp; Jag har alltid dragits till det sk\u00f6ra, men \u00e4nd\u00e5 sj\u00e4lvklart starka som speglas \u00f6verallt i naturen. Det som l\u00e4tt kn\u00e4cks men b\u00e4rs upp av en inneboende kraft. Vad jag \u00e4n v\u00e4ljer, s\u00e5 finns det d\u00e4r, mots\u00e4ttningen styrka &#8211;&#8230; <a class=\"view-article\" href=\"https:\/\/www.jaxelius.se\/?page_id=12\">View Article<\/a>","protected":false},"author":1,"featured_media":0,"parent":0,"menu_order":0,"comment_status":"closed","ping_status":"open","template":"SlimTextTemplate.php","meta":{"footnotes":""},"_links":{"self":[{"href":"https:\/\/www.jaxelius.se\/index.php?rest_route=\/wp\/v2\/pages\/12"}],"collection":[{"href":"https:\/\/www.jaxelius.se\/index.php?rest_route=\/wp\/v2\/pages"}],"about":[{"href":"https:\/\/www.jaxelius.se\/index.php?rest_route=\/wp\/v2\/types\/page"}],"author":[{"embeddable":true,"href":"https:\/\/www.jaxelius.se\/index.php?rest_route=\/wp\/v2\/users\/1"}],"replies":[{"embeddable":true,"href":"https:\/\/www.jaxelius.se\/index.php?rest_route=%2Fwp%2Fv2%2Fcomments&post=12"}],"version-history":[{"count":13,"href":"https:\/\/www.jaxelius.se\/index.php?rest_route=\/wp\/v2\/pages\/12\/revisions"}],"predecessor-version":[{"id":210,"href":"https:\/\/www.jaxelius.se\/index.php?rest_route=\/wp\/v2\/pages\/12\/revisions\/210"}],"wp:attachment":[{"href":"https:\/\/www.jaxelius.se\/index.php?rest_route=%2Fwp%2Fv2%2Fmedia&parent=12"}],"curies":[{"name":"wp","href":"https:\/\/api.w.org\/{rel}","templated":true}]}}