{"id":310,"date":"2016-06-01T19:39:59","date_gmt":"2016-06-01T18:39:59","guid":{"rendered":"http:\/\/www.jaxelius.se\/?page_id=310"},"modified":"2025-06-16T07:36:59","modified_gmt":"2025-06-16T06:36:59","slug":"kurser-mm","status":"publish","type":"page","link":"https:\/\/www.jaxelius.se\/?page_id=310","title":{"rendered":"Kurser mm"},"content":{"rendered":"<h2><\/h2>\n<h3><span style=\"color: #993300;\">\u00a0 \u00a0 \u00a0<\/span><\/h3>\n<h3><\/h3>\n<h1>Drejkurser\u00a0<span style=\"color: #ff0000;\">OBS Tyv\u00e4rr kan jag inte erbjuda fler drejkurser under 2025.<\/span><\/h1>\n<h1><\/h1>\n<p><strong><span style=\"color: #000000;\">EGEN PROVA P\u00c5-KURS i DREJNING<\/span><br \/>\n<\/strong><\/p>\n<p><strong><a href=\"http:\/\/www.jaxelius.se\/wp-content\/uploads\/2016\/06\/drejbild2.jpg\"><img loading=\"lazy\" decoding=\"async\" class=\"alignnone  wp-image-357\" src=\"http:\/\/www.jaxelius.se\/wp-content\/uploads\/2016\/06\/drejbild2-250x162.jpg\" alt=\"drejbild2\" width=\"250\" height=\"162\" srcset=\"https:\/\/www.jaxelius.se\/wp-content\/uploads\/2016\/06\/drejbild2-250x162.jpg 250w, https:\/\/www.jaxelius.se\/wp-content\/uploads\/2016\/06\/drejbild2-700x452.jpg 700w, https:\/\/www.jaxelius.se\/wp-content\/uploads\/2016\/06\/drejbild2-120x78.jpg 120w, https:\/\/www.jaxelius.se\/wp-content\/uploads\/2016\/06\/drejbild2.jpg 1512w\" sizes=\"(max-width: 250px) 100vw, 250px\" \/><\/a><\/strong><\/p>\n<p><span style=\"color: #993300;\">V\u00e4lkommen att prova p\u00e5 LERAN hos mig.!<\/span><br \/>\n<span style=\"color: #993300;\"> Du som aldrig har drejat, och du som kanske har testat f\u00f6rut, men vill f\u00f6rnya kunskaperna.<\/span><br \/>\n<span style=\"color: #993300;\"> Kanske vill du ge en upplevelsepresent.<code><br \/>\n<\/code>Du\u00a0kan boka en tid med full uppm\u00e4rksamhet fr\u00e5n mig, d\u00e4r jag \u00e4r med n\u00e4r du drejar och visar vad man b\u00f6r t\u00e4nka p\u00e5.<\/span><br \/>\n<span style=\"color: #993300;\">Kursen\u00a0bokas i f\u00f6rv\u00e4g. Ring eller SMSa <strong>070-2518124<\/strong> eller mejla <strong>karin@jaxelius.se<\/strong><\/span><\/p>\n<p><span style=\"color: #993300;\"><strong>PRIS<\/strong>\u00a0 1 timme= 110<strong>0:-<\/strong>inkl.moms<strong>\u00a0<\/strong> 2 timmar= <strong>1600:-<\/strong>inkl.moms<strong>\u00a0<\/strong>Du kan ocks\u00e5 v\u00e4lja en halv dag 4 timmar= <strong>2600:-( <\/strong>Inkl.moms)D\u00e5 ing\u00e5r kaffe. Du kan dreja sj\u00e4lv eller ta med dig en kompis . D\u00e5 kan ni dela p\u00e5 kursavgiften. Det finns tv\u00e5 drejskivor. Lera ing\u00e5r.<em> V\u00e4lj max 3 av dina alster,s\u00e5 br\u00e4nner jag dem utan extra kostnad.<\/em> Kom ih\u00e5g o\u00f6mma kl\u00e4der och korta naglar.<strong><br \/>\n<\/strong><\/span><\/p>\n<p><span style=\"color: #993300;\"><strong>V\u00c4GBESKRIVNING:<\/strong><\/span><br \/>\n<span style=\"color: #993300;\"> Fr\u00e5n centrum: \u00c5k till h\u00f6ger innan bron \u00f6ver \u00e5n mot Morg\u00e5rdshammar. 5:e huset p\u00e5 v\u00e4nster sida.<\/span><br \/>\n<span style=\"color: #993300;\"> Fr\u00e5n RV66: \u00c5k in mot centrum vid r\u00f6da rondellen.<\/span><br \/>\n<span style=\"color: #993300;\"> \u00e5k \u00f6ver \u00e5n. Ta till v\u00e4nster mot Morg\u00e5rdshammar. 5:e huset v\u00e4nster sida.<\/span><\/p>\n<p style=\"text-align: left;\">\n","protected":false},"excerpt":{"rendered":"\u00a0 \u00a0 \u00a0 Drejkurser\u00a0OBS Tyv\u00e4rr kan jag inte erbjuda fler drejkurser under 2025. EGEN PROVA P\u00c5-KURS i DREJNING V\u00e4lkommen att prova p\u00e5 LERAN hos mig.! Du som aldrig har drejat, och du som kanske har testat f\u00f6rut, men vill f\u00f6rnya kunskaperna. Kanske vill du ge en upplevelsepresent. Du\u00a0kan boka en tid med full uppm\u00e4rksamhet fr\u00e5n&#8230; <a class=\"view-article\" href=\"https:\/\/www.jaxelius.se\/?page_id=310\">View Article<\/a>","protected":false},"author":1,"featured_media":0,"parent":0,"menu_order":0,"comment_status":"closed","ping_status":"open","template":"","meta":{"footnotes":""},"_links":{"self":[{"href":"https:\/\/www.jaxelius.se\/index.php?rest_route=\/wp\/v2\/pages\/310"}],"collection":[{"href":"https:\/\/www.jaxelius.se\/index.php?rest_route=\/wp\/v2\/pages"}],"about":[{"href":"https:\/\/www.jaxelius.se\/index.php?rest_route=\/wp\/v2\/types\/page"}],"author":[{"embeddable":true,"href":"https:\/\/www.jaxelius.se\/index.php?rest_route=\/wp\/v2\/users\/1"}],"replies":[{"embeddable":true,"href":"https:\/\/www.jaxelius.se\/index.php?rest_route=%2Fwp%2Fv2%2Fcomments&post=310"}],"version-history":[{"count":59,"href":"https:\/\/www.jaxelius.se\/index.php?rest_route=\/wp\/v2\/pages\/310\/revisions"}],"predecessor-version":[{"id":749,"href":"https:\/\/www.jaxelius.se\/index.php?rest_route=\/wp\/v2\/pages\/310\/revisions\/749"}],"wp:attachment":[{"href":"https:\/\/www.jaxelius.se\/index.php?rest_route=%2Fwp%2Fv2%2Fmedia&parent=310"}],"curies":[{"name":"wp","href":"https:\/\/api.w.org\/{rel}","templated":true}]}}