{"id":38,"date":"2015-03-01T20:45:17","date_gmt":"2015-03-01T20:45:17","guid":{"rendered":"http:\/\/www2.jaxelius.se\/?page_id=38"},"modified":"2025-06-16T07:51:28","modified_gmt":"2025-06-16T06:51:28","slug":"cv-2","status":"publish","type":"page","link":"https:\/\/www.jaxelius.se\/?page_id=38","title":{"rendered":"CV"},"content":{"rendered":"<h1><\/h1>\n<h1><\/h1>\n<h1><\/h1>\n<h1><\/h1>\n<h1>Karin Jaxelius<\/h1>\n<h2 style=\"text-align: justify;\">Utbildning<\/h2>\n<p>H\u00f6gskolan f\u00f6r Design och Konsthantverk G\u00f6teborg 2002 \u2013 2004<\/p>\n<p>Linje: Magisterprogrammet Keramikkonst<\/p>\n<p>H\u00f6gskolan f\u00f6r Design och Konsthantverk G\u00f6teborg 1999 \u2013 2002<\/p>\n<p>Linje: Kandidatprogrammet Keramikkonst<\/p>\n<p>F\u00f6retagarnas Folkh\u00f6gskola Leksand 1997 \u2013 1999<\/p>\n<p>Linje: Keramik<\/p>\n<h2>Examen<\/h2>\n<p>Magisterexamen i Keramikkonst 2004<\/p>\n<h2>\u00a0Utst\u00e4llningar:<\/h2>\n<p>\u00c4ngelsbergs skulpturpark sommaren 2025<\/p>\n<p>Galleri Creatio 2024 separat<\/p>\n<p>Galleri Sintra\u00a0G\u00f6teborg &#8221;Min camino&#8221; 2023 separat<\/p>\n<p>H\u00f6gan\u00e4s museum &#8221;Balansaktens vikt&#8221; Tills. m M.Contalessa separat 2019<\/p>\n<p>Galleri Creatio Ludvika separat. sommar 2018<\/p>\n<p>7 x konsthantverk Galleri St Gertrud Konstfr\u00e4mjandet Malm\u00f6\u00a0 juryb. v\u00e5ren 2018<\/p>\n<p>Trafikverkets utst\u00e4llningsrum Borl\u00e4nge december 2017<\/p>\n<p>Lerans spr\u00e5k en tidl\u00f6s konstform Galleri Astley Uttersberg Saml.utst.2017<\/p>\n<p>Atelj\u00e9 Y Stora skedvi Saml.utst. 2017<\/p>\n<p>Lilla Galleriet i Ume\u00e5&#8221;St\u00e4ndigt denna sk\u00f6ra tr\u00e5d&#8221;29\/4-23\/5 separat 2017<\/p>\n<p>&#8221;LJUS&#8221; Medlemsutst\u00e4llning Konsthantverkarna Stockholm 2017<\/p>\n<p>Dalakonst 2016 jurybed. Dalarnas Museum 2016<\/p>\n<p>&#8221;DELA&#8221; Medlemsutst\u00e4llning Konsthantverkarna Stockholm 2016<\/p>\n<p>Virsbo Konsthall Samlingsutst\u00e4llning Keramik 2016<\/p>\n<p>Arlas Konstf\u00f6rening Stockholm Separat 2015<\/p>\n<p>Maskinhuset Gr\u00e4ngesberg Sommaren 2015<\/p>\n<p>\u201dTr\u00e5dar\u201dSeparatutst\u00e4llning tills. med Meggi Sandell, Galleri Stenhuset, Surahammar 2014<\/p>\n<p>\u201dTre sp\u00e5r\u201d Galleri Abrahamsg\u00e5rden Norberg 2013\u00a0 1 av 3 utst\u00e4llare<\/p>\n<p>Seeschloss Ort, Keramikutst\u00e4llning \u00a0Gmunden \u00d6sterrike 2013 Inbjuden att representera Sverige<\/p>\n<p>&#8221;Bygga upp, Bryta ned, Bryta upp&#8221;Separatutst\u00e4llning Sadelmakarl\u00e4ngan \u00d6sterbybruk 2013<\/p>\n<p>R\u00e4ttviks Konsthall, H\u00f6stsalong, R\u00e4ttvik 2012<\/p>\n<p>Konst \u00e5t alla\u00a0 Folkets Hus o Parker S\u00e4ter 2012<\/p>\n<p>\u201d We Love lera\u201d Meken\u00a0 Smedjebacken 2012<\/p>\n<p>Kvarnsvedens konstf\u00f6renings julutst\u00e4llning 2011<\/p>\n<p>Meken, Smedjebacken2011<\/p>\n<p>Nykvarn,V\u00e4ster\u00e5s 2010<\/p>\n<p>Galleri Hagenring, Hagen Tyskland 2010<\/p>\n<p>Jubilarns Val Leksand 2009, 2010 Magasinet\u00a0 Falun2012,2013,2015 R\u00e4ttviks Konsthall 2016<\/p>\n<p>Seeschloss Ort Gmunden \u00d6sterrike 2009<\/p>\n<p>Ludvika Konsthall 2008<\/p>\n<p>Virsbo Konsthall 2007<\/p>\n<p>Magasinet Ludvika 2007<\/p>\n<p>Konst f\u00f6r alla\u201d Avesta 2006<\/p>\n<p>Magasinet\u00a0 Ludvika 2006,2007,2008,2009<\/p>\n<p>Lerverk G\u00f6teborg 2006<\/p>\n<p>Virsbo Konsthall 2005<\/p>\n<p>Rackstamuse\u00e9t Arvika 2004<\/p>\n<p>Konsthantverkarna \u00d6rebro 2005<\/p>\n<p>Westerwald keramikmuseum Tyskland 2004-2005<\/p>\n<p>Galleri Hantverket Stockholm 2004<\/p>\n<p>R\u00f6hsska Museet G\u00f6teborg 2004 examensutst\u00e4llning<\/p>\n<p>Bl\u00e5 St\u00e4llet Angered 2002<\/p>\n<p>Konstepidemin G\u00f6teborg 2002<\/p>\n<p>Lerverk G\u00f6teborg 2001<\/p>\n<p>Galleri Studio 5 Stockholm 1999<\/p>\n<p>Hjo Konstf\u00f6rening 1992<\/p>\n<h2>Offentliga uppdrag:<\/h2>\n<h2><\/h2>\n<p>P\u00e5g\u00e5ende 2025-2026 Munka Ljungby skola<\/p>\n<p>Sk\u00e5rby skola matsalen Kungsbacka 2024<\/p>\n<p>Ledamotshuset Riksdagen Stockholm 2018-2023<\/p>\n<p>Psykiatrins kvarter Bor\u00e5s 2018-2021<\/p>\n<p>Skissuppdrag Psykiatrins kvarter Bor\u00e5s 2017<\/p>\n<p>Isskulptur till WM Falun 2015<\/p>\n<p>Skulpturgrupp f\u00f6r F\u00f6rskolan Skogsbacken, Str\u00e4ngn\u00e4s 2014<\/p>\n<p>Skissuppdrag:\u00a0 Nya Karolinska Solna 2012<\/p>\n<p>Uppdrag f\u00f6r Statens konstr\u00e5d, skulptur Toftan\u00e4s Polishus,Malm\u00f6 2009-2011<\/p>\n<p>\u201dKonst p\u00e5 Noret\u201d Leksand 2005 Sittplatser<\/p>\n<p>Vissa uppdrag som utsmyckningsjury \u00e5t Falu kommun 2016+2017<\/p>\n<h2>\u00a0Representerad hos:<\/h2>\n<p>Kungsbacka Kommun<\/p>\n<p>Sveriges Riksdag<\/p>\n<p>Hedemora kommun<\/p>\n<p>H\u00f6gan\u00e4s kommun<\/p>\n<p>Str\u00e4ngn\u00e4s Kommun<\/p>\n<p>Gagnef Kommun<\/p>\n<p>G\u00f6teborgs stad<\/p>\n<p>Region V\u00e4stra G\u00f6taland<\/p>\n<p>Svenska kyrkan Ludvika<\/p>\n<p>VBU Ludvika<\/p>\n<p>V\u00e4sterbottens l\u00e4ns landsting<\/p>\n<p>Folkets hus och parker<\/p>\n<p>Statens Konstr\u00e5d fl.verk<\/p>\n<p>Leksands Kommun<\/p>\n<p>Landstinget Dalarna<\/p>\n<p>Landstinget V\u00e4rmland<\/p>\n<p>\u00d6rebro l\u00e4ns landsting<\/p>\n<p>H\u00f6gan\u00e4s museum<\/p>\n<p>Keramikmuseum Gmunden \u00d6sterrike<\/p>\n<h2>Stipendier och Utm\u00e4rkelser<\/h2>\n<p>Projektst\u00f6d &#8221;teckning&#8221; Konstcentrum mitt 2025<\/p>\n<p>Projektstipendie Hemmarecidens Region Dalarna 2021<\/p>\n<p>Projektstipendie Konstcentrum 2018<\/p>\n<p>T\u00f6pfermarktpreis 2009 2:a pris Gmunden \u00d6sterrike\u201dFisch\u201d<\/p>\n<p>Formexpriset Formidable Glas\/Lera\/Sten, Stockholm 2007 f\u00f6r \u201dHandfull\u201d<\/p>\n<p>\u201d Sl\u00f6jdf\u00f6reningens Stipendium G\u00f6teborg 2004<\/p>\n<p>Otto och Charlotte Mannheimer 2004<\/p>\n<p>Estrid Ericsons Stiftelse 2004<\/p>\n<p>Br. Molanders Stiftelse Landstinget Dalarna 2003<\/p>\n<p>Estrid Ericsons Stiftelse 2003<\/p>\n<p>Insj\u00f6sl\u00f6jdarnas stipendium1998<\/p>\n<p>R\u00f6rstrands Arbetsstipendium 2001 \u2013 2002<\/p>\n<h2>Medlem i<\/h2>\n<p>KRO, KIF, KID(Konst i Dalarna),Konstcentrum mitt, KHVC(Konsthantverkscentrum),BUS<\/p>\n<p>Konsthantverkarna Stockholm<\/p>\n<h3><\/h3>\n","protected":false},"excerpt":{"rendered":"Karin Jaxelius Utbildning H\u00f6gskolan f\u00f6r Design och Konsthantverk G\u00f6teborg 2002 \u2013 2004 Linje: Magisterprogrammet Keramikkonst H\u00f6gskolan f\u00f6r Design och Konsthantverk G\u00f6teborg 1999 \u2013 2002 Linje: Kandidatprogrammet Keramikkonst F\u00f6retagarnas Folkh\u00f6gskola Leksand 1997 \u2013 1999 Linje: Keramik Examen Magisterexamen i Keramikkonst 2004 \u00a0Utst\u00e4llningar: \u00c4ngelsbergs skulpturpark sommaren 2025 Galleri Creatio 2024 separat Galleri Sintra\u00a0G\u00f6teborg &#8221;Min camino&#8221; 2023 separat&#8230; <a class=\"view-article\" href=\"https:\/\/www.jaxelius.se\/?page_id=38\">View Article<\/a>","protected":false},"author":1,"featured_media":0,"parent":0,"menu_order":0,"comment_status":"closed","ping_status":"open","template":"SlimTextTemplate.php","meta":{"footnotes":""},"_links":{"self":[{"href":"https:\/\/www.jaxelius.se\/index.php?rest_route=\/wp\/v2\/pages\/38"}],"collection":[{"href":"https:\/\/www.jaxelius.se\/index.php?rest_route=\/wp\/v2\/pages"}],"about":[{"href":"https:\/\/www.jaxelius.se\/index.php?rest_route=\/wp\/v2\/types\/page"}],"author":[{"embeddable":true,"href":"https:\/\/www.jaxelius.se\/index.php?rest_route=\/wp\/v2\/users\/1"}],"replies":[{"embeddable":true,"href":"https:\/\/www.jaxelius.se\/index.php?rest_route=%2Fwp%2Fv2%2Fcomments&post=38"}],"version-history":[{"count":30,"href":"https:\/\/www.jaxelius.se\/index.php?rest_route=\/wp\/v2\/pages\/38\/revisions"}],"predecessor-version":[{"id":753,"href":"https:\/\/www.jaxelius.se\/index.php?rest_route=\/wp\/v2\/pages\/38\/revisions\/753"}],"wp:attachment":[{"href":"https:\/\/www.jaxelius.se\/index.php?rest_route=%2Fwp%2Fv2%2Fmedia&parent=38"}],"curies":[{"name":"wp","href":"https:\/\/api.w.org\/{rel}","templated":true}]}}