{"id":44,"date":"2015-03-01T20:46:23","date_gmt":"2015-03-01T20:46:23","guid":{"rendered":"http:\/\/www2.jaxelius.se\/?page_id=44"},"modified":"2017-05-19T10:01:34","modified_gmt":"2017-05-19T09:01:34","slug":"vinge","status":"publish","type":"page","link":"https:\/\/www.jaxelius.se\/?page_id=44","title":{"rendered":"Vinge"},"content":{"rendered":"<p>&nbsp;<\/p>\n<p><a href=\"http:\/\/www.jaxelius.se\/wp-content\/uploads\/2015\/03\/4.jpg\"><img loading=\"lazy\" decoding=\"async\" width=\"250\" height=\"333\" class=\"alignnone size-medium wp-image-438\" src=\"http:\/\/www.jaxelius.se\/wp-content\/uploads\/2015\/03\/4-250x333.jpg\" alt=\"4\" srcset=\"https:\/\/www.jaxelius.se\/wp-content\/uploads\/2015\/03\/4-250x333.jpg 250w, https:\/\/www.jaxelius.se\/wp-content\/uploads\/2015\/03\/4-700x933.jpg 700w, https:\/\/www.jaxelius.se\/wp-content\/uploads\/2015\/03\/4-120x160.jpg 120w, https:\/\/www.jaxelius.se\/wp-content\/uploads\/2015\/03\/4.jpg 1704w\" sizes=\"(max-width: 250px) 100vw, 250px\" \/><\/a><\/p>\n<p>VINGE-Uppdragsgivare: Leksands Kommun Projekt \u201dKonst p\u00e5 Noret\u201d Sittplatser<\/p>\n<p>Uppdraget gick ut p\u00e5 att formge en sittplats valfritt placerad i Leksand. Utg\u00e5ngspunkten blir Rune Lindstr\u00f6ms \u201dHimlaspelet\u201d som fram till 2006 alltid spelades utomhus i Gropen. M\u00f6jligheten \u00f6ppnas f\u00f6r att sitta p\u00e5 en &#8221;\u00e4ngla&#8221;vinge och se Himlaspelet. Vit betong med marmorkross.<\/p>\n","protected":false},"excerpt":{"rendered":"&nbsp; VINGE-Uppdragsgivare: Leksands Kommun Projekt \u201dKonst p\u00e5 Noret\u201d Sittplatser Uppdraget gick ut p\u00e5 att formge en sittplats valfritt placerad i Leksand. Utg\u00e5ngspunkten blir Rune Lindstr\u00f6ms \u201dHimlaspelet\u201d som fram till 2006 alltid spelades utomhus i Gropen. M\u00f6jligheten \u00f6ppnas f\u00f6r att sitta p\u00e5 en &#8221;\u00e4ngla&#8221;vinge och se Himlaspelet. Vit betong med marmorkross.","protected":false},"author":1,"featured_media":0,"parent":16,"menu_order":0,"comment_status":"closed","ping_status":"open","template":"SlimTextTemplate.php","meta":{"footnotes":""},"_links":{"self":[{"href":"https:\/\/www.jaxelius.se\/index.php?rest_route=\/wp\/v2\/pages\/44"}],"collection":[{"href":"https:\/\/www.jaxelius.se\/index.php?rest_route=\/wp\/v2\/pages"}],"about":[{"href":"https:\/\/www.jaxelius.se\/index.php?rest_route=\/wp\/v2\/types\/page"}],"author":[{"embeddable":true,"href":"https:\/\/www.jaxelius.se\/index.php?rest_route=\/wp\/v2\/users\/1"}],"replies":[{"embeddable":true,"href":"https:\/\/www.jaxelius.se\/index.php?rest_route=%2Fwp%2Fv2%2Fcomments&post=44"}],"version-history":[{"count":7,"href":"https:\/\/www.jaxelius.se\/index.php?rest_route=\/wp\/v2\/pages\/44\/revisions"}],"predecessor-version":[{"id":439,"href":"https:\/\/www.jaxelius.se\/index.php?rest_route=\/wp\/v2\/pages\/44\/revisions\/439"}],"up":[{"embeddable":true,"href":"https:\/\/www.jaxelius.se\/index.php?rest_route=\/wp\/v2\/pages\/16"}],"wp:attachment":[{"href":"https:\/\/www.jaxelius.se\/index.php?rest_route=%2Fwp%2Fv2%2Fmedia&parent=44"}],"curies":[{"name":"wp","href":"https:\/\/api.w.org\/{rel}","templated":true}]}}